{"id":9731,"date":"2024-07-18T20:15:04","date_gmt":"2024-07-18T19:15:04","guid":{"rendered":"https:\/\/autoservis-as.com\/?post_type=product&#038;p=9731"},"modified":"2024-07-18T20:15:04","modified_gmt":"2024-07-18T19:15:04","slug":"m-0944-klizac-prednjeg-levog-podizaca-stakla-skoda-rapid","status":"publish","type":"product","link":"https:\/\/autoservis-as.com\/index.php\/product\/m-0944-klizac-prednjeg-levog-podizaca-stakla-skoda-rapid\/","title":{"rendered":"M 0944 Kliza\u010d prednjeg levog podiza\u010da stakla \u0160koda Rapid"},"content":{"rendered":"","protected":false},"excerpt":{"rendered":"","protected":false},"featured_media":9732,"comment_status":"open","ping_status":"closed","template":"","meta":[],"product_brand":[],"product_cat":[40],"product_tag":[],"class_list":{"0":"post-9731","1":"product","2":"type-product","3":"status-publish","4":"has-post-thumbnail","6":"product_cat-skoda","8":"first","9":"instock","10":"shipping-taxable","11":"purchasable","12":"product-type-simple"},"_links":{"self":[{"href":"https:\/\/autoservis-as.com\/index.php\/wp-json\/wp\/v2\/product\/9731","targetHints":{"allow":["GET"]}}],"collection":[{"href":"https:\/\/autoservis-as.com\/index.php\/wp-json\/wp\/v2\/product"}],"about":[{"href":"https:\/\/autoservis-as.com\/index.php\/wp-json\/wp\/v2\/types\/product"}],"replies":[{"embeddable":true,"href":"https:\/\/autoservis-as.com\/index.php\/wp-json\/wp\/v2\/comments?post=9731"}],"wp:featuredmedia":[{"embeddable":true,"href":"https:\/\/autoservis-as.com\/index.php\/wp-json\/wp\/v2\/media\/9732"}],"wp:attachment":[{"href":"https:\/\/autoservis-as.com\/index.php\/wp-json\/wp\/v2\/media?parent=9731"}],"wp:term":[{"taxonomy":"product_brand","embeddable":true,"href":"https:\/\/autoservis-as.com\/index.php\/wp-json\/wp\/v2\/product_brand?post=9731"},{"taxonomy":"product_cat","embeddable":true,"href":"https:\/\/autoservis-as.com\/index.php\/wp-json\/wp\/v2\/product_cat?post=9731"},{"taxonomy":"product_tag","embeddable":true,"href":"https:\/\/autoservis-as.com\/index.php\/wp-json\/wp\/v2\/product_tag?post=9731"}],"curies":[{"name":"wp","href":"https:\/\/api.w.org\/{rel}","templated":true}]}}