{"id":9103,"date":"2024-03-11T12:15:58","date_gmt":"2024-03-11T12:15:58","guid":{"rendered":"https:\/\/autoservis-as.com\/?post_type=product&#038;p=9103"},"modified":"2024-03-11T12:15:58","modified_gmt":"2024-03-11T12:15:58","slug":"an-10656-rucica-ablendera-brisaca-peugeot-citroen","status":"publish","type":"product","link":"https:\/\/autoservis-as.com\/index.php\/product\/an-10656-rucica-ablendera-brisaca-peugeot-citroen\/","title":{"rendered":"AN 10656 Ru\u010dica ablendera brisa\u010da Peugeot, Citroen"},"content":{"rendered":"","protected":false},"excerpt":{"rendered":"<p>Ru\u010dica ablendera brisa\u010da za automobile marke Peugeot 207-307, Partner, Citroen Xsara, Picasso, Berlingo.<\/p>\n","protected":false},"featured_media":9104,"comment_status":"open","ping_status":"closed","template":"","meta":[],"product_brand":[],"product_cat":[247],"product_tag":[],"class_list":{"0":"post-9103","1":"product","2":"type-product","3":"status-publish","4":"has-post-thumbnail","6":"product_cat-rucica","8":"first","9":"instock","10":"shipping-taxable","11":"purchasable","12":"product-type-simple"},"_links":{"self":[{"href":"https:\/\/autoservis-as.com\/index.php\/wp-json\/wp\/v2\/product\/9103","targetHints":{"allow":["GET"]}}],"collection":[{"href":"https:\/\/autoservis-as.com\/index.php\/wp-json\/wp\/v2\/product"}],"about":[{"href":"https:\/\/autoservis-as.com\/index.php\/wp-json\/wp\/v2\/types\/product"}],"replies":[{"embeddable":true,"href":"https:\/\/autoservis-as.com\/index.php\/wp-json\/wp\/v2\/comments?post=9103"}],"wp:featuredmedia":[{"embeddable":true,"href":"https:\/\/autoservis-as.com\/index.php\/wp-json\/wp\/v2\/media\/9104"}],"wp:attachment":[{"href":"https:\/\/autoservis-as.com\/index.php\/wp-json\/wp\/v2\/media?parent=9103"}],"wp:term":[{"taxonomy":"product_brand","embeddable":true,"href":"https:\/\/autoservis-as.com\/index.php\/wp-json\/wp\/v2\/product_brand?post=9103"},{"taxonomy":"product_cat","embeddable":true,"href":"https:\/\/autoservis-as.com\/index.php\/wp-json\/wp\/v2\/product_cat?post=9103"},{"taxonomy":"product_tag","embeddable":true,"href":"https:\/\/autoservis-as.com\/index.php\/wp-json\/wp\/v2\/product_tag?post=9103"}],"curies":[{"name":"wp","href":"https:\/\/api.w.org\/{rel}","templated":true}]}}