{"id":9038,"date":"2024-03-11T10:45:02","date_gmt":"2024-03-11T10:45:02","guid":{"rendered":"https:\/\/autoservis-as.com\/?post_type=product&#038;p=9038"},"modified":"2024-03-14T11:13:17","modified_gmt":"2024-03-14T11:13:17","slug":"an-714-prekidac-podizaca-stakla-renault","status":"publish","type":"product","link":"https:\/\/autoservis-as.com\/index.php\/product\/an-714-prekidac-podizaca-stakla-renault\/","title":{"rendered":"AN 714 Prekida\u010d podiza\u010da stakla Renault"},"content":{"rendered":"","protected":false},"excerpt":{"rendered":"<p>Prekida\u010d podiza\u010da stakla za automobile marke Renault Megane II, Lagina II, Trafic.<\/p>\n","protected":false},"featured_media":9039,"comment_status":"open","ping_status":"closed","template":"","meta":[],"product_brand":[],"product_cat":[234],"product_tag":[],"class_list":{"0":"post-9038","1":"product","2":"type-product","3":"status-publish","4":"has-post-thumbnail","6":"product_cat-prekidaci","8":"first","9":"instock","10":"shipping-taxable","11":"purchasable","12":"product-type-simple"},"_links":{"self":[{"href":"https:\/\/autoservis-as.com\/index.php\/wp-json\/wp\/v2\/product\/9038","targetHints":{"allow":["GET"]}}],"collection":[{"href":"https:\/\/autoservis-as.com\/index.php\/wp-json\/wp\/v2\/product"}],"about":[{"href":"https:\/\/autoservis-as.com\/index.php\/wp-json\/wp\/v2\/types\/product"}],"replies":[{"embeddable":true,"href":"https:\/\/autoservis-as.com\/index.php\/wp-json\/wp\/v2\/comments?post=9038"}],"wp:featuredmedia":[{"embeddable":true,"href":"https:\/\/autoservis-as.com\/index.php\/wp-json\/wp\/v2\/media\/9039"}],"wp:attachment":[{"href":"https:\/\/autoservis-as.com\/index.php\/wp-json\/wp\/v2\/media?parent=9038"}],"wp:term":[{"taxonomy":"product_brand","embeddable":true,"href":"https:\/\/autoservis-as.com\/index.php\/wp-json\/wp\/v2\/product_brand?post=9038"},{"taxonomy":"product_cat","embeddable":true,"href":"https:\/\/autoservis-as.com\/index.php\/wp-json\/wp\/v2\/product_cat?post=9038"},{"taxonomy":"product_tag","embeddable":true,"href":"https:\/\/autoservis-as.com\/index.php\/wp-json\/wp\/v2\/product_tag?post=9038"}],"curies":[{"name":"wp","href":"https:\/\/api.w.org\/{rel}","templated":true}]}}