{"id":8275,"date":"2023-11-08T13:23:50","date_gmt":"2023-11-08T13:23:50","guid":{"rendered":"http:\/\/autoservis-as.com\/?post_type=product&#038;p=8275"},"modified":"2023-11-08T13:23:50","modified_gmt":"2023-11-08T13:23:50","slug":"an-418b-prekidac-podizaca-stakala-golf-vii-crafter-tge","status":"publish","type":"product","link":"https:\/\/autoservis-as.com\/index.php\/product\/an-418b-prekidac-podizaca-stakala-golf-vii-crafter-tge\/","title":{"rendered":"AN 418B prekida\u010d podiza\u010da stakala golf VII, crafter, tge"},"content":{"rendered":"","protected":false},"excerpt":{"rendered":"<p>Prekida\u010d podiza\u010da stakala za automobile marke volkswagen golf VII, crafter i MAN tge.<\/p>\n","protected":false},"featured_media":8276,"comment_status":"open","ping_status":"closed","template":"","meta":[],"product_brand":[],"product_cat":[234],"product_tag":[],"class_list":{"0":"post-8275","1":"product","2":"type-product","3":"status-publish","4":"has-post-thumbnail","6":"product_cat-prekidaci","8":"first","9":"instock","10":"shipping-taxable","11":"purchasable","12":"product-type-simple"},"_links":{"self":[{"href":"https:\/\/autoservis-as.com\/index.php\/wp-json\/wp\/v2\/product\/8275","targetHints":{"allow":["GET"]}}],"collection":[{"href":"https:\/\/autoservis-as.com\/index.php\/wp-json\/wp\/v2\/product"}],"about":[{"href":"https:\/\/autoservis-as.com\/index.php\/wp-json\/wp\/v2\/types\/product"}],"replies":[{"embeddable":true,"href":"https:\/\/autoservis-as.com\/index.php\/wp-json\/wp\/v2\/comments?post=8275"}],"wp:featuredmedia":[{"embeddable":true,"href":"https:\/\/autoservis-as.com\/index.php\/wp-json\/wp\/v2\/media\/8276"}],"wp:attachment":[{"href":"https:\/\/autoservis-as.com\/index.php\/wp-json\/wp\/v2\/media?parent=8275"}],"wp:term":[{"taxonomy":"product_brand","embeddable":true,"href":"https:\/\/autoservis-as.com\/index.php\/wp-json\/wp\/v2\/product_brand?post=8275"},{"taxonomy":"product_cat","embeddable":true,"href":"https:\/\/autoservis-as.com\/index.php\/wp-json\/wp\/v2\/product_cat?post=8275"},{"taxonomy":"product_tag","embeddable":true,"href":"https:\/\/autoservis-as.com\/index.php\/wp-json\/wp\/v2\/product_tag?post=8275"}],"curies":[{"name":"wp","href":"https:\/\/api.w.org\/{rel}","templated":true}]}}