{"id":8247,"date":"2023-11-08T12:16:18","date_gmt":"2023-11-08T12:16:18","guid":{"rendered":"http:\/\/autoservis-as.com\/?post_type=product&#038;p=8247"},"modified":"2023-11-08T12:16:18","modified_gmt":"2023-11-08T12:16:18","slug":"an-405-prekidac-podizaca-stakala-polo-fox-cordoba-ibiza","status":"publish","type":"product","link":"https:\/\/autoservis-as.com\/index.php\/product\/an-405-prekidac-podizaca-stakala-polo-fox-cordoba-ibiza\/","title":{"rendered":"AN 405 prekida\u010d podiza\u010da stakala Polo, Fox, Cordoba, Ibiza"},"content":{"rendered":"","protected":false},"excerpt":{"rendered":"<p>Prekida\u010d podiza\u010da stakala za automobile marke volkswagen polo, volkswagen fox, seat cordoba, seat ibza.<\/p>\n","protected":false},"featured_media":8248,"comment_status":"open","ping_status":"closed","template":"","meta":[],"product_brand":[],"product_cat":[234],"product_tag":[],"class_list":{"0":"post-8247","1":"product","2":"type-product","3":"status-publish","4":"has-post-thumbnail","6":"product_cat-prekidaci","8":"first","9":"instock","10":"shipping-taxable","11":"purchasable","12":"product-type-simple"},"_links":{"self":[{"href":"https:\/\/autoservis-as.com\/index.php\/wp-json\/wp\/v2\/product\/8247","targetHints":{"allow":["GET"]}}],"collection":[{"href":"https:\/\/autoservis-as.com\/index.php\/wp-json\/wp\/v2\/product"}],"about":[{"href":"https:\/\/autoservis-as.com\/index.php\/wp-json\/wp\/v2\/types\/product"}],"replies":[{"embeddable":true,"href":"https:\/\/autoservis-as.com\/index.php\/wp-json\/wp\/v2\/comments?post=8247"}],"wp:featuredmedia":[{"embeddable":true,"href":"https:\/\/autoservis-as.com\/index.php\/wp-json\/wp\/v2\/media\/8248"}],"wp:attachment":[{"href":"https:\/\/autoservis-as.com\/index.php\/wp-json\/wp\/v2\/media?parent=8247"}],"wp:term":[{"taxonomy":"product_brand","embeddable":true,"href":"https:\/\/autoservis-as.com\/index.php\/wp-json\/wp\/v2\/product_brand?post=8247"},{"taxonomy":"product_cat","embeddable":true,"href":"https:\/\/autoservis-as.com\/index.php\/wp-json\/wp\/v2\/product_cat?post=8247"},{"taxonomy":"product_tag","embeddable":true,"href":"https:\/\/autoservis-as.com\/index.php\/wp-json\/wp\/v2\/product_tag?post=8247"}],"curies":[{"name":"wp","href":"https:\/\/api.w.org\/{rel}","templated":true}]}}